{"id":80,"date":"2020-01-30T15:49:44","date_gmt":"2020-01-30T15:49:44","guid":{"rendered":"https:\/\/www.wiesmeier.bayern\/wordpress\/?page_id=80"},"modified":"2022-09-15T06:13:16","modified_gmt":"2022-09-15T06:13:16","slug":"kontakt","status":"publish","type":"page","link":"https:\/\/www.wiesmeier.bayern\/index.php\/kontakt\/","title":{"rendered":"Kontakt"},"content":{"rendered":"\n<h3 class=\"wp-block-heading\">Pflasterbau Wiesmeier GmbH &amp; Co. KG<\/h3>\n\n\n\n<p>Gesch\u00e4ftsf\u00fchrer: Herr Thomas Wiesmeier<\/p>\n\n\n\n<p>K\u00f6tztingerstr. 32<\/p>\n\n\n\n<p>93476 Blaibach<\/p>\n\n\n\n<p>Mobil: 0171 5419327<\/p>\n\n\n\n<p>E-Mail: info@wiesmeier.bayern<\/p>\n\n\n\n<p>B\u00fcro: 09941 904453<\/p>\n\n\n\n<p>Fax: 09941 4077466<\/p>\n","protected":false},"excerpt":{"rendered":"<p>Pflasterbau Wiesmeier GmbH &amp; Co. KG Gesch\u00e4ftsf\u00fchrer: Herr Thomas Wiesmeier K\u00f6tztingerstr. 32 93476 Blaibach Mobil: 0171 5419327 E-Mail: info@wiesmeier.bayern B\u00fcro: 09941 904453 Fax: 09941 4077466<span class=\"more-link\"><a href=\"https:\/\/www.wiesmeier.bayern\/index.php\/kontakt\/\">Continue Reading<\/a><\/span><\/p>\n","protected":false},"author":1,"featured_media":0,"parent":0,"menu_order":0,"comment_status":"closed","ping_status":"closed","template":"","meta":{"footnotes":""},"class_list":["entry","author-wiesmeierthomas","post-80","page","type-page","status-publish"],"_links":{"self":[{"href":"https:\/\/www.wiesmeier.bayern\/index.php\/wp-json\/wp\/v2\/pages\/80","targetHints":{"allow":["GET"]}}],"collection":[{"href":"https:\/\/www.wiesmeier.bayern\/index.php\/wp-json\/wp\/v2\/pages"}],"about":[{"href":"https:\/\/www.wiesmeier.bayern\/index.php\/wp-json\/wp\/v2\/types\/page"}],"author":[{"embeddable":true,"href":"https:\/\/www.wiesmeier.bayern\/index.php\/wp-json\/wp\/v2\/users\/1"}],"replies":[{"embeddable":true,"href":"https:\/\/www.wiesmeier.bayern\/index.php\/wp-json\/wp\/v2\/comments?post=80"}],"version-history":[{"count":7,"href":"https:\/\/www.wiesmeier.bayern\/index.php\/wp-json\/wp\/v2\/pages\/80\/revisions"}],"predecessor-version":[{"id":322,"href":"https:\/\/www.wiesmeier.bayern\/index.php\/wp-json\/wp\/v2\/pages\/80\/revisions\/322"}],"wp:attachment":[{"href":"https:\/\/www.wiesmeier.bayern\/index.php\/wp-json\/wp\/v2\/media?parent=80"}],"curies":[{"name":"wp","href":"https:\/\/api.w.org\/{rel}","templated":true}]}}