{"id":78,"date":"2020-01-30T15:49:44","date_gmt":"2020-01-30T15:49:44","guid":{"rendered":"https:\/\/www.wiesmeier.bayern\/wordpress\/?page_id=78"},"modified":"2021-09-21T06:20:47","modified_gmt":"2021-09-21T06:20:47","slug":"leistungen","status":"publish","type":"page","link":"https:\/\/www.wiesmeier.bayern\/index.php\/leistungen\/","title":{"rendered":"Leistungen"},"content":{"rendered":"\n<h5 class=\"wp-block-heading\">Pflasterbau, Baggerarbeiten, Fliesen- und Plattenverlegung, Garten- und Landschaftsbau und Au\u00dfenanlage<\/h5>\n\n\n\n<p>Wir garantieren Ihnen eine fachliche, exakte Arbeitsausf\u00fchrung im privaten und gewerblichen Bereich, sowie im \u00f6ffentlichen Stra\u00dfenbau.<\/p>\n\n\n\n<p>Wir erstellen Ihre Hofeinfahrten, Garageneinfahrten, Terrassen usw. vom Unterbau bis zur komplett abger\u00fcttelten Fl\u00e4che.<\/p>\n\n\n\n<p>Sie sagen uns wie Sie sich Ihre Au\u00dfenanlage o.\u00e4. vorstellen und wir bereiten Ihnen ein Angebot, komplett vom Ausgraben des alten Untergrundes \u00fcber die Materiallieferung bis hin zur kompletten Fertigstellung.<\/p>\n\n\n\n<p><\/p>\n","protected":false},"excerpt":{"rendered":"<p>Pflasterbau, Baggerarbeiten, Fliesen- und Plattenverlegung, Garten- und Landschaftsbau und Au\u00dfenanlage Wir garantieren Ihnen eine fachliche, exakte Arbeitsausf\u00fchrung im privaten und gewerblichen Bereich, sowie im \u00f6ffentlichen Stra\u00dfenbau. Wir erstellen Ihre Hofeinfahrten, Garageneinfahrten, Terrassen usw. vom Unterbau bis zur komplett abger\u00fcttelten Fl\u00e4che. Sie sagen uns wie Sie sich Ihre Au\u00dfenanlage o.\u00e4. vorstellen<span class=\"more-link\"><a href=\"https:\/\/www.wiesmeier.bayern\/index.php\/leistungen\/\">Continue Reading<\/a><\/span><\/p>\n","protected":false},"author":1,"featured_media":0,"parent":0,"menu_order":0,"comment_status":"closed","ping_status":"closed","template":"","meta":{"footnotes":""},"class_list":["entry","author-wiesmeierthomas","post-78","page","type-page","status-publish"],"_links":{"self":[{"href":"https:\/\/www.wiesmeier.bayern\/index.php\/wp-json\/wp\/v2\/pages\/78","targetHints":{"allow":["GET"]}}],"collection":[{"href":"https:\/\/www.wiesmeier.bayern\/index.php\/wp-json\/wp\/v2\/pages"}],"about":[{"href":"https:\/\/www.wiesmeier.bayern\/index.php\/wp-json\/wp\/v2\/types\/page"}],"author":[{"embeddable":true,"href":"https:\/\/www.wiesmeier.bayern\/index.php\/wp-json\/wp\/v2\/users\/1"}],"replies":[{"embeddable":true,"href":"https:\/\/www.wiesmeier.bayern\/index.php\/wp-json\/wp\/v2\/comments?post=78"}],"version-history":[{"count":8,"href":"https:\/\/www.wiesmeier.bayern\/index.php\/wp-json\/wp\/v2\/pages\/78\/revisions"}],"predecessor-version":[{"id":305,"href":"https:\/\/www.wiesmeier.bayern\/index.php\/wp-json\/wp\/v2\/pages\/78\/revisions\/305"}],"wp:attachment":[{"href":"https:\/\/www.wiesmeier.bayern\/index.php\/wp-json\/wp\/v2\/media?parent=78"}],"curies":[{"name":"wp","href":"https:\/\/api.w.org\/{rel}","templated":true}]}}