{"id":111,"date":"2020-02-06T13:20:05","date_gmt":"2020-02-06T13:20:05","guid":{"rendered":"https:\/\/www.wiesmeier.bayern\/wordpress\/?page_id=111"},"modified":"2022-09-14T13:25:12","modified_gmt":"2022-09-14T13:25:12","slug":"datenschutz","status":"publish","type":"page","link":"https:\/\/www.wiesmeier.bayern\/index.php\/datenschutz\/","title":{"rendered":"Datenschutz"},"content":{"rendered":"\n<p>Nachfolgend m\u00f6chten wir Sie \u00fcber den Datenschutz auf unserer Webseite sowie \u00fcber Art, Umfang und Zweck der von uns erhobenen, genutzten und verarbeiteten personenbezogenen Daten informieren.<\/p>\n\n\n\n<p>Weiterhin m\u00f6chten wir Sie \u00fcber die ihnen zustehenden Rechte aufkl\u00e4ren. Datenschutz hat einen hohen Stellenwert f\u00fcr uns.<\/p>\n\n\n\n<h5 class=\"wp-block-heading\">Verantwortlich f\u00fcr den Datenschutz \/ verarbeitende Stelle ist:<\/h5>\n\n\n\n<p>Pflasterbau Wiesmeier GmbH &amp; Co. KG<br>Gesch\u00e4ftsf\u00fchrer: Herr Thomas Wiesmeier<br>K\u00f6tztingerstr. 32<br>93476 Blaibach<br>B\u00fcro: 09941 904453<br>Mobil: 0171 5419327<br>E-Mail: info@wiesmeier.bayern<\/p>\n\n\n\n<h5 class=\"wp-block-heading\">Aufruf der Webseite &#8211; Vearbeitung personenbezogener Daten sowie Art und Zweck der Verwendung<\/h5>\n\n\n\n<p>Wenn Sie unsere Webseite aufrufen, \u00fcbermitteln Sie (aus technischer Notwendigkeit) \u00fcber Ihren Internetbrowser Daten an unseren Webserver. Nachfolgende Daten werden w\u00e4hrend einer laufenden Verbindung zur Kommunikation zwischen Ihrem Internetbrowser und unserem Webserver in den Server-Logfiles verarbeitet:<\/p>\n\n\n\n<ul class=\"wp-block-list\"><li>die Seite, von der aus die Datei angefordert wurde &#8211; Referrer URL<\/li><li>der Name der Datei<\/li><li>das Datum und die Uhrzeit der Anfrage<\/li><li>eine Beschreibung des Typs des verwendeten Webbrowsers \/ Browserversion und Betriebssystem<\/li><li>IP-Adresse des anfragenden Rechners<\/li><li>Zugriffsstatus (Datei \u00fcbertragen, Datei nicht gefunden, etc.)<\/li><li>\u00dcbertragene Datenmenge<\/li><\/ul>\n\n\n\n<p>Aus technischen Gr\u00fcnden (Aufruf der Webseite) werden diese Daten von uns kurzfristig gespeichert. Ein R\u00fcckschluss auf einzelne Personen ist uns anhand dieser Daten nicht m\u00f6glich. Nach sp\u00e4testens 7 Tagen werden die IP-Adressen gel\u00f6scht bzw. anonymisiert.<\/p>\n\n\n\n<p>Die Daten werden ausschlie\u00dflich zu internen statistischen Zwecken ausgewertet und lassen f\u00fcr uns keine R\u00fcckschl\u00fcsse auf Ihre Person zu. Ein Abgleich mit anderen Datenbest\u00e4nden findet nicht statt.<\/p>\n\n\n\n<p>Die genanntent Daten werden durch uns zu folgenden Zwecken verarbeitet:<\/p>\n\n\n\n<ul class=\"wp-block-list\"><li>Gew\u00e4hrleistung eines ordnungsgem\u00e4\u00dfen und reibungslosen Verbindungsaufbaus der Webseite<\/li><li>Gew\u00e4hrleistung einer komfortablen Nutzung der Webseite<\/li><li>Auswertung der Systemsicherheit und -stabilit\u00e4t<\/li><li>Zu weiteren administrativen zwecken<\/li><\/ul>\n\n\n\n<p>Die Rechtsgrundlage f\u00fcr die Datenverarbeitung ist Art. 6 Abs. 1 S. 1 lit. f DSGVO. Unser berechtigtes Interesse folgt aus oben aufgelisteten Zwecken zur Datenerhebung. In keinem Fall verwenden wir die erhobenen Daten zu dem Zweck, R\u00fcckschl\u00fcsse auf Ihre Person zu ziehen.<\/p>\n\n\n\n<p>Sie k\u00f6nnen die Webseite besuchen, ohne Angaben zu Ihrer Person zu machen.<\/p>\n\n\n\n<h5 class=\"wp-block-heading\">Datensicherheit<\/h5>\n\n\n\n<p>Wir verwenden auf unserer Webseite das SSL-Verfahren (Secure Socket Layer) zur Verschl\u00fcsselung. Ob eine einzelne Seite unseres Internetauftrittes verschl\u00fcsselt \u00fcbertragen wird, erkennen Sie an der geschlossenen Darstellung des Schl\u00fcssel- beziehungsweise Schloss-Symbols in der unteren Statusleiste Ihrers Browsers. Wir bedienen uns im \u00dcbrigen geeigneter technischer und organisatorischer Sicherheitsma\u00dfnahmen, um Ihre Daten gegen zuf\u00e4llige oder vors\u00e4tzliche Manipulationen, teilweisen oder vollst\u00e4ndigen Verlust, Zerst\u00f6rung oder gegen den unbefugten Zugriff Dritter zu sch\u00fctzen. Unsere Sicherheitsma\u00dfnahmen werden entsprechend der technologischen Entwicklung fortlaufend verbessert.<\/p>\n\n\n\n<h5 class=\"wp-block-heading\">Verarbeitung \/ Weitergabe von Daten<\/h5>\n\n\n\n<p>Eine \u00dcbermittlung Ihrer pers\u00f6nlichen Daten an Dritte zu anderen als den im vorstehend bzw. Folgenden aufgef\u00fchrten Zwecken findet nicht statt. Wir geben Ihre pers\u00f6nlichen Daten nur an Dritte weiter, wenn:<\/p>\n\n\n\n<ul class=\"wp-block-list\"><li>Sie Ihre nach Art. 6 Abs. 1 S. 1 lit. a DSGVO ausdr\u00fcckliche Einwilligung dazu erteilt haben<\/li><li>dies gesetztlich zul\u00e4ssig und nach Art. 6 Abs. 1 S. 1 lit. b DSGVO f\u00fcr die Erf\u00fcllung von Vertragsverh\u00e4ltnissen der zur Durchf\u00fchrung vorvertraglicher Ma\u00dfnahmen mit Ihnen erforderlich ist<\/li><li>f\u00fcr den Fall, dass f\u00fcr die Weitergabe nach Art. 6 Abs 1 S. 1 lit. c DSGVO eine gesetztliche Verpflichtung f\u00fcr uns besteht<\/li><li>die Verarbeitung nach Art. 6 Abs. 1 S. 1 lit. f DSGVO zur Wahrung unserer berechtigten Interessen oder eines dritten erforderlich, sofern nicht die Interessen oder Grundrechte und Grundfreiheiten der betroffenen Personen, die den Schutz personenbezogener Daten erfordern, \u00fcberwiegen, insbesondere dann, wenn es sich bei der betroffenen Person um ein Kind handelt<\/li><\/ul>\n\n\n\n<h5 class=\"wp-block-heading\">Betroffenenrechte<\/h5>\n\n\n\n<h5 class=\"wp-block-heading\">Sie haben das Recht:<\/h5>\n\n\n\n<ul class=\"wp-block-list\"><li>gem\u00e4\u00df Art. 15 DSGVO Auskunft \u00fcber Ihre von uns verarbeiteten  personenbezogenen Daten zu verlangen. Insbesondere k\u00f6nnen Sie Auskunft \u00fcber die Vearbeitungszwecke, die Kategorie der personenbezogenen Daten, die Kategorien von Empf\u00e4ngern, gegen\u00fcber denen Ihre Daten offengelegt wurden oder werden, die geplante Speicherdauer, das Bestehen eines Rechts auf Berechtigung, L\u00f6schung, Einschr\u00e4nkung der Verarbeitung oder Widerspruch, das Bestehen eines Beschwerderechts, die Herkunft ihrer Daten, sofern diese nicht bei uns erhoben wurden, sowie \u00fcber das Bestehen einer automatisierten Entscheidungsfindung einschlie\u00dflich Profiling und ggf. aussagekr\u00e4ftigen Informationen zu deren Einzelheiten verlagen.<\/li><li>gem\u00e4\u00df Art. 16 DSGVO unverz\u00fcglich die Berichtigung unrichtiger oder Vervollst\u00e4ndigung Ihrer bei uns gespeicherten personenbezogenen Daten zu verlangen.<\/li><li>gem\u00e4\u00df Art. 17 DSGVO die L\u00f6schung Ihrer bei uns gespeicherten personenbezogenen Daten zu verlangen, soweit nicht die Verarbeitung zur Aus\u00fcbung des Rechts auf freie Meinungs\u00e4u\u00dferung und Information, zur Erf\u00fcllung einer rechtlichen Verpflichtung, aus Gr\u00fcnden des \u00f6ffentlichen Interesses oder zur Geltendmachung, Aus\u00fcbung oder Verteidigung von Rechtsanspr\u00fcchen erforderlich ist.<\/li><li>gem\u00e4\u00df Art. 18 DSGVO die Einschr\u00e4nkung der Verarbeitung Ihrer personenbezogenen Daten zu verlangen, soweit die Richtigkeit der Daten von Ihnen bestritten wird, die Verarbeitung unrechtm\u00e4\u00dfig ist, Sie aber deren L\u00f6schung ablehnen und wir die Daten nicht mehr ben\u00f6tigen, Sie jedoch diese zur Geltendmachung, Aus\u00fcbung oder Verteidigung von Rechtsanspr\u00fcchen ben\u00f6tigen oder Sie gem\u00e4\u00df Art. 21 DSGVO Widerspruch gegen die Verarbeitung eingelegt haben.<\/li><li>gem\u00e4\u00df Art. 20 DSGVO Ihre personenbezogenen Daten, die Sie uns bereitgestellt haben, in einem strukturierten, g\u00e4ngigen und maschinenlesebaren Format zu erhalten oder die \u00dcbermittlung an einen anderen Verantwortlichen zu verlangen.<\/li><li>gem\u00e4\u00df Art. 7 Abs. 3 DSGVO Ihre einmal erteilte Einwilligung jederzeit uns gegen\u00fcber zu widerrufen. Dies hat zur Folge, dass wir die Datenverarbeitung, die auf dieser Einwilligung beruht, f\u00fcr die Zukunft nicht mehr fortf\u00fchren d\u00fcrfen.<\/li><li>gem\u00e4\u00df Art. 77 DSGVO sich bei einer Aufsichtsbeh\u00f6rde zu beschweren. In der Regel k\u00f6nnen Sie sich hierf\u00fcr an die Aufsichtsbeh\u00f6rde Ihres \u00fcblichen Aufenthaltsortes oder Arbeitsplatzes oder unseres Sitzes wenden. Eine Liste der Datenschutzbeauftragten sowie deren Kontaktdaten k\u00f6nnen Sie unter folgendem Link finden: <a rel=\"noreferrer noopener\" href=\"https:\/\/www.bfdi.bund.de\/DE\/Infothek\/Anschriften_Links\/anschriften_links-node.html\" target=\"_blank\">https:\/\/www.bfdi.bund.de\/DE\/Infothek\/Anschriften_Links\/anschriften_links-node.html<\/a>.<\/li><\/ul>\n\n\n\n<h5 class=\"wp-block-heading\">Widerspruchsrecht<\/h5>\n\n\n\n<p>Sie haben das Recht, aus Gr\u00fcnden, die sich aus ihrer besonderen Situation ergeben, jederzeit gegen die Vearbeitung sie betreffender personenbezogener Daten, die aufgrund von Artikel 6 Absatz 1 Buchstabe e oder f erfolgt, Widerspruch einzulegen. Wir verarbeiten Ihre personenbezogenen Daten nach Widerspruch nicht mehr, es sei denn, wir k\u00f6nnen zwingende schutzw\u00fcrdige Gr\u00fcnde f\u00fcr die Verarbeitung nachweisen, die Ihren Interessen, Rechte und Freiheiten \u00fcberwiegen, oder die Verarbeitung dient der Geltendmachung, Aus\u00fcbung oder Verteidigung von Rechtsanspr\u00fcchen.<\/p>\n\n\n\n<p>M\u00f6chten Sie von Ihrem Widerspruchsrest Gebrauch machen, gen\u00fcgt eine E-Mail an uns.<\/p>\n\n\n\n<h5 class=\"wp-block-heading\">\u00c4nderung dieser Datenschutzerkl\u00e4rung &#8211; Stand<\/h5>\n\n\n\n<p>Durch die Weiterentwicklung unserer Website und Angebote dar\u00fcber oder aufgrund ge\u00e4nderter gesetztlicher beziehungsweise beh\u00f6rdlicher Vorgaben kann es notwendig werden, diese Datenschutzerkl\u00e4rung unter Beachtung der geltenden Datenschutzvorschriften zu \u00e4ndern. Die jeweils aktuelle Datenschutzerkl\u00e4rung kann jederzeit auf unserer Webseite unter Datenschutz von Ihnen abgerufen und ausgedruckt werden.<\/p>\n\n\n\n<h5 class=\"wp-block-heading\">Stand Februar 2020<\/h5>\n","protected":false},"excerpt":{"rendered":"<p>Nachfolgend m\u00f6chten wir Sie \u00fcber den Datenschutz auf unserer Webseite sowie \u00fcber Art, Umfang und Zweck der von uns erhobenen, genutzten und verarbeiteten personenbezogenen Daten informieren. Weiterhin m\u00f6chten wir Sie \u00fcber die ihnen zustehenden Rechte aufkl\u00e4ren. Datenschutz hat einen hohen Stellenwert f\u00fcr uns. Verantwortlich f\u00fcr den Datenschutz \/ verarbeitende Stelle<span class=\"more-link\"><a href=\"https:\/\/www.wiesmeier.bayern\/index.php\/datenschutz\/\">Continue Reading<\/a><\/span><\/p>\n","protected":false},"author":1,"featured_media":0,"parent":0,"menu_order":0,"comment_status":"closed","ping_status":"closed","template":"","meta":{"footnotes":""},"class_list":["entry","author-wiesmeierthomas","post-111","page","type-page","status-publish"],"_links":{"self":[{"href":"https:\/\/www.wiesmeier.bayern\/index.php\/wp-json\/wp\/v2\/pages\/111","targetHints":{"allow":["GET"]}}],"collection":[{"href":"https:\/\/www.wiesmeier.bayern\/index.php\/wp-json\/wp\/v2\/pages"}],"about":[{"href":"https:\/\/www.wiesmeier.bayern\/index.php\/wp-json\/wp\/v2\/types\/page"}],"author":[{"embeddable":true,"href":"https:\/\/www.wiesmeier.bayern\/index.php\/wp-json\/wp\/v2\/users\/1"}],"replies":[{"embeddable":true,"href":"https:\/\/www.wiesmeier.bayern\/index.php\/wp-json\/wp\/v2\/comments?post=111"}],"version-history":[{"count":9,"href":"https:\/\/www.wiesmeier.bayern\/index.php\/wp-json\/wp\/v2\/pages\/111\/revisions"}],"predecessor-version":[{"id":320,"href":"https:\/\/www.wiesmeier.bayern\/index.php\/wp-json\/wp\/v2\/pages\/111\/revisions\/320"}],"wp:attachment":[{"href":"https:\/\/www.wiesmeier.bayern\/index.php\/wp-json\/wp\/v2\/media?parent=111"}],"curies":[{"name":"wp","href":"https:\/\/api.w.org\/{rel}","templated":true}]}}