{"id":109,"date":"2020-02-06T13:20:05","date_gmt":"2020-02-06T13:20:05","guid":{"rendered":"https:\/\/www.wiesmeier.bayern\/wordpress\/?page_id=109"},"modified":"2022-10-17T08:45:55","modified_gmt":"2022-10-17T08:45:55","slug":"impressum","status":"publish","type":"page","link":"https:\/\/www.wiesmeier.bayern\/index.php\/impressum\/","title":{"rendered":"Impressum"},"content":{"rendered":"\n<h3 class=\"wp-block-heading\">Verantwortlich<\/h3>\n\n\n\n<p>Firma: Pflasterbau Wiesmeier GmbH &amp; Co. KG<br>Gesch\u00e4ftsf\u00fchrer: Herr Thomas Wiesmeier<\/p>\n\n\n\n<h3 class=\"wp-block-heading\">Kontakt<\/h3>\n\n\n\n<p>K\u00f6tztingerstr. 32<br>93476 Blaibach<br>Mobil: 0171 5419327<br>Fax: 09941 4077466<br>E-Mail: info@wiesmeier.bayern<br>B\u00fcro: 09941 904453<\/p>\n\n\n\n<h3 class=\"wp-block-heading\">Registereintrag<\/h3>\n\n\n\n<p>HRA 10584<\/p>\n\n\n\n<h3 class=\"wp-block-heading\">Gerichtsstand<\/h3>\n\n\n\n<p>Regensburg<\/p>\n\n\n\n<h3 class=\"wp-block-heading\">Umsatzsteuer &#8211; ID<\/h3>\n\n\n\n<p>DE 35427 0824<\/p>\n","protected":false},"excerpt":{"rendered":"<p>Verantwortlich Firma: Pflasterbau Wiesmeier GmbH &amp; Co. KGGesch\u00e4ftsf\u00fchrer: Herr Thomas Wiesmeier Kontakt K\u00f6tztingerstr. 3293476 BlaibachMobil: 0171 5419327Fax: 09941 4077466E-Mail: info@wiesmeier.bayernB\u00fcro: 09941 904453 Registereintrag HRA 10584 Gerichtsstand Regensburg Umsatzsteuer &#8211; ID DE 35427 0824<span class=\"more-link\"><a href=\"https:\/\/www.wiesmeier.bayern\/index.php\/impressum\/\">Continue Reading<\/a><\/span><\/p>\n","protected":false},"author":1,"featured_media":0,"parent":0,"menu_order":0,"comment_status":"closed","ping_status":"closed","template":"","meta":{"footnotes":""},"class_list":["entry","author-wiesmeierthomas","post-109","page","type-page","status-publish"],"_links":{"self":[{"href":"https:\/\/www.wiesmeier.bayern\/index.php\/wp-json\/wp\/v2\/pages\/109","targetHints":{"allow":["GET"]}}],"collection":[{"href":"https:\/\/www.wiesmeier.bayern\/index.php\/wp-json\/wp\/v2\/pages"}],"about":[{"href":"https:\/\/www.wiesmeier.bayern\/index.php\/wp-json\/wp\/v2\/types\/page"}],"author":[{"embeddable":true,"href":"https:\/\/www.wiesmeier.bayern\/index.php\/wp-json\/wp\/v2\/users\/1"}],"replies":[{"embeddable":true,"href":"https:\/\/www.wiesmeier.bayern\/index.php\/wp-json\/wp\/v2\/comments?post=109"}],"version-history":[{"count":8,"href":"https:\/\/www.wiesmeier.bayern\/index.php\/wp-json\/wp\/v2\/pages\/109\/revisions"}],"predecessor-version":[{"id":324,"href":"https:\/\/www.wiesmeier.bayern\/index.php\/wp-json\/wp\/v2\/pages\/109\/revisions\/324"}],"wp:attachment":[{"href":"https:\/\/www.wiesmeier.bayern\/index.php\/wp-json\/wp\/v2\/media?parent=109"}],"curies":[{"name":"wp","href":"https:\/\/api.w.org\/{rel}","templated":true}]}}